{"id":64,"date":"2021-11-10T23:27:19","date_gmt":"2021-11-10T21:27:19","guid":{"rendered":"http:\/\/www.ibk-ivk.fi\/?page_id=64"},"modified":"2025-08-12T19:24:33","modified_gmt":"2025-08-12T17:24:33","slug":"contact-information","status":"publish","type":"page","link":"https:\/\/www.ibk-ivk.fi\/fi\/contact-information\/","title":{"rendered":"Yhteystiedot"},"content":{"rendered":"<h1>Yhteystiedot<\/h1>\n<table style=\"border-collapse: collapse; width: 100%; height: 191px;\">\n<tbody>\n<tr style=\"height: 59px;\">\n<td style=\"width: 33.3333%; height: 59px;\">\n<h3>Nimi<\/h3>\n<\/td>\n<td style=\"width: 33.3333%; height: 59px;\">\n<h3>Yhteystiedot<\/h3>\n<\/td>\n<td style=\"width: 33.3333%; height: 59px;\">\n<h3>Teht\u00e4v\u00e4<\/h3>\n<\/td>\n<\/tr>\n<tr style=\"height: 22px;\">\n<td style=\"width: 33.3333%; height: 22px;\">Fredrik Hagstr\u00f6m<\/td>\n<td style=\"width: 33.3333%; height: 22px;\">fredrik_hagstrom@hotmail.com<\/td>\n<td style=\"width: 33.3333%; height: 22px;\">Katsastukset<\/td>\n<\/tr>\n<tr style=\"height: 22px;\">\n<td style=\"width: 33.3333%; height: 22px;\">Bergstr\u00f6m, Marcus<\/td>\n<td style=\"width: 33.3333%; height: 22px;\">044 5624524, marcus.bergstroem@gmail.com<\/td>\n<td style=\"width: 33.3333%; height: 22px;\">Rahastonhoitaja<\/td>\n<\/tr>\n<tr style=\"height: 22px;\">\n<td style=\"width: 33.3333%; height: 22px;\">Anna Idman<\/td>\n<td style=\"width: 33.3333%; height: 22px;\">anna.h.idman@gmail.com<\/td>\n<td style=\"width: 33.3333%; height: 22px;\">Kommodori<\/td>\n<\/tr>\n<tr style=\"height: 22px;\">\n<td style=\"width: 33.3333%; height: 22px;\">Hanna Poutanen<\/td>\n<td style=\"width: 33.3333%; height: 22px;\">poutanen2@hotmail.com<\/td>\n<td style=\"width: 33.3333%; height: 22px;\">Tiedotus<\/td>\n<\/tr>\n<tr style=\"height: 22px;\">\n<td style=\"width: 33.3333%; height: 22px;\">Rinnet-Borgenstr\u00f6m Tina<\/td>\n<td style=\"width: 33.3333%; height: 22px;\">tinarinbor@gmail.com<\/td>\n<td style=\"width: 33.3333%; height: 22px;\">Satamakapteeni<\/td>\n<\/tr>\n<tr style=\"height: 22px;\">\n<td style=\"width: 33.3333%; height: 22px;\">Lindroos, Kjell<\/td>\n<td style=\"width: 33.3333%; height: 22px;\">kjell.lindroos59@gmail.com<\/td>\n<td style=\"width: 33.3333%; height: 22px;\">Navigaatiojasto<\/td>\n<\/tr>\n<\/tbody>\n<\/table>\n<table style=\"border-collapse: collapse; width: 100%;\">\n<tbody>\n<tr>\n<td style=\"width: 33.3333%;\">Carl Lindholm<\/td>\n<td style=\"width: 33.3333%;\">carl.lindholm@live.com<\/td>\n<td style=\"width: 33.3333%;\">Sihteeri<\/td>\n<\/tr>\n<\/tbody>\n<\/table>\n","protected":false},"excerpt":{"rendered":"<p>Yhteystiedot Nimi Yhteystiedot Teht\u00e4v\u00e4 Fredrik Hagstr\u00f6m fredrik_hagstrom@hotmail.com Katsastukset Bergstr\u00f6m, Marcus 044 5624524, marcus.bergstroem@gmail.com Rahastonhoitaja Anna Idman anna.h.idman@gmail.com Kommodori Hanna Poutanen poutanen2@hotmail.com Tiedotus Rinnet-Borgenstr\u00f6m Tina tinarinbor@gmail.com Satamakapteeni Lindroos, Kjell kjell.lindroos59@gmail.com Navigaatiojasto <a class=\"more-link\" href=\"https:\/\/www.ibk-ivk.fi\/fi\/contact-information\/\">Continue Reading \u2192<\/a><\/p>\n","protected":false},"author":2,"featured_media":0,"parent":0,"menu_order":0,"comment_status":"closed","ping_status":"closed","template":"","meta":{"footnotes":""},"class_list":["post-64","page","type-page","status-publish","hentry"],"translation":{"provider":"WPGlobus","version":"3.0.2","language":"fi","enabled_languages":["sv","fi","gb"],"languages":{"sv":{"title":true,"content":true,"excerpt":false},"fi":{"title":true,"content":true,"excerpt":false},"gb":{"title":true,"content":true,"excerpt":false}}},"jetpack_sharing_enabled":true,"_links":{"self":[{"href":"https:\/\/www.ibk-ivk.fi\/fi\/wp-json\/wp\/v2\/pages\/64","targetHints":{"allow":["GET"]}}],"collection":[{"href":"https:\/\/www.ibk-ivk.fi\/fi\/wp-json\/wp\/v2\/pages"}],"about":[{"href":"https:\/\/www.ibk-ivk.fi\/fi\/wp-json\/wp\/v2\/types\/page"}],"author":[{"embeddable":true,"href":"https:\/\/www.ibk-ivk.fi\/fi\/wp-json\/wp\/v2\/users\/2"}],"replies":[{"embeddable":true,"href":"https:\/\/www.ibk-ivk.fi\/fi\/wp-json\/wp\/v2\/comments?post=64"}],"version-history":[{"count":7,"href":"https:\/\/www.ibk-ivk.fi\/fi\/wp-json\/wp\/v2\/pages\/64\/revisions"}],"predecessor-version":[{"id":2093,"href":"https:\/\/www.ibk-ivk.fi\/fi\/wp-json\/wp\/v2\/pages\/64\/revisions\/2093"}],"wp:attachment":[{"href":"https:\/\/www.ibk-ivk.fi\/fi\/wp-json\/wp\/v2\/media?parent=64"}],"curies":[{"name":"wp","href":"https:\/\/api.w.org\/{rel}","templated":true}]}}