{"id":54,"date":"2021-11-10T23:23:48","date_gmt":"2021-11-10T21:23:48","guid":{"rendered":"http:\/\/www.ibk-ivk.fi\/?page_id=54"},"modified":"2026-02-01T16:50:47","modified_gmt":"2026-02-01T14:50:47","slug":"fees","status":"publish","type":"page","link":"https:\/\/www.ibk-ivk.fi\/fi\/fees\/","title":{"rendered":"Maksut"},"content":{"rendered":"<h1>Vuoden 2026 maksut vahvistetaan vuosikokouksessa<\/h1>\n<table style=\"width: 100%; height: 176px;\">\n<tbody>\n<tr style=\"height: 22px;\">\n<td style=\"width: 62.8959%; height: 22px;\">J\u00e4senmaksu<\/td>\n<td style=\"width: 18.0995%; text-align: center; height: 22px;\"><\/td>\n<td style=\"width: 163.348%; text-align: center; height: 22px;\">40 \u20ac<\/td>\n<\/tr>\n<tr style=\"height: 22px;\">\n<td style=\"width: 62.8959%; height: 22px;\">Juniorit<\/td>\n<td style=\"width: 18.0995%; text-align: center; height: 22px;\"><\/td>\n<td style=\"width: 163.348%; text-align: center; height: 22px;\">10 \u20ac<\/td>\n<\/tr>\n<tr style=\"height: 22px;\">\n<td style=\"width: 62.8959%; height: 22px;\">Liittyminen<\/td>\n<td style=\"width: 18.0995%; text-align: center; height: 22px;\"><\/td>\n<td style=\"width: 163.348%; text-align: center; height: 22px;\">50 \u20ac<\/td>\n<\/tr>\n<tr style=\"height: 22px;\">\n<td style=\"width: 62.8959%; height: 22px;\">Katsastus<\/td>\n<td style=\"width: 18.0995%; text-align: center; height: 22px;\">luokka<\/td>\n<td style=\"width: 163.348%; text-align: center; height: 22px;\"><\/td>\n<\/tr>\n<tr style=\"height: 22px;\">\n<td style=\"width: 62.8959%; height: 22px;\"><\/td>\n<td style=\"width: 18.0995%; text-align: center; height: 22px;\">3<\/td>\n<td style=\"width: 163.348%; text-align: center; height: 22px;\">20 \u20ac<\/td>\n<\/tr>\n<tr style=\"height: 22px;\">\n<td style=\"width: 62.8959%; height: 22px;\"><\/td>\n<td style=\"width: 18.0995%; text-align: center; height: 22px;\">2<\/td>\n<td style=\"width: 163.348%; text-align: center; height: 22px;\">25 \u20ac<\/td>\n<\/tr>\n<tr style=\"height: 22px;\">\n<td style=\"width: 62.8959%; height: 22px;\"><\/td>\n<td style=\"width: 18.0995%; text-align: center; height: 22px;\">1<\/td>\n<td style=\"width: 163.348%; text-align: center; height: 22px;\">30 \u20ac<\/td>\n<\/tr>\n<tr style=\"height: 22px;\">\n<td style=\"width: 62.8959%; height: 22px;\">Runkokatsastus<\/td>\n<td style=\"width: 18.0995%; text-align: center; height: 22px;\"><\/td>\n<td style=\"width: 163.348%; text-align: center; height: 22px;\">25 \u20ac<\/td>\n<\/tr>\n<\/tbody>\n<\/table>\n<table style=\"border-collapse: collapse; width: 100%; height: 88px;\">\n<tbody>\n<tr style=\"height: 22px;\">\n<td style=\"width: 61.8854%; height: 22px;\">Liput ja viirit<\/td>\n<td style=\"width: 18.8543%; text-align: center; height: 22px;\">\u00a0Viiri<\/td>\n<td style=\"width: 19.2602%; text-align: center; height: 22px;\">35 \u20ac<\/td>\n<\/tr>\n<tr style=\"height: 22px;\">\n<td style=\"width: 61.8854%; height: 22px;\"><\/td>\n<td style=\"width: 18.8543%; text-align: center; height: 22px;\">72 cm<\/td>\n<td style=\"width: 19.2602%; text-align: center; height: 22px;\">40 \u20ac<\/td>\n<\/tr>\n<tr style=\"height: 22px;\">\n<td style=\"width: 61.8854%; height: 22px;\"><\/td>\n<td style=\"width: 18.8543%; text-align: center; height: 22px;\">90 cm<\/td>\n<td style=\"width: 19.2602%; text-align: center; height: 22px;\">45 \u20ac<\/td>\n<\/tr>\n<tr style=\"height: 22px;\">\n<td style=\"width: 61.8854%; height: 22px;\"><\/td>\n<td style=\"width: 18.8543%; text-align: center; height: 22px;\">108 cm<\/td>\n<td style=\"width: 19.2602%; text-align: center; height: 22px;\">50 \u20ac<\/td>\n<\/tr>\n<\/tbody>\n<\/table>\n<p>&nbsp;<\/p>\n<p>&nbsp;<\/p>\n<p><strong>Tilinumero: FI91 4170 0010 2055 38 (HUOM. Uusi tilinumero alkaen 1.1.2023)<\/strong><\/p>\n<p><strong>Vuoden 2024 j\u00e4senmaksun er\u00e4p\u00e4iv\u00e4 on 15.5.2024.<\/strong><\/p>\n","protected":false},"excerpt":{"rendered":"<p>Vuoden 2026 maksut vahvistetaan vuosikokouksessa J\u00e4senmaksu 40 \u20ac Juniorit 10 \u20ac Liittyminen 50 \u20ac Katsastus luokka 3 20 \u20ac 2 25 \u20ac 1 30 \u20ac Runkokatsastus 25 \u20ac Liput ja <a class=\"more-link\" href=\"https:\/\/www.ibk-ivk.fi\/fi\/fees\/\">Continue Reading \u2192<\/a><\/p>\n","protected":false},"author":2,"featured_media":0,"parent":0,"menu_order":0,"comment_status":"closed","ping_status":"closed","template":"","meta":{"footnotes":""},"class_list":["post-54","page","type-page","status-publish","hentry"],"translation":{"provider":"WPGlobus","version":"3.0.2","language":"fi","enabled_languages":["sv","fi","gb"],"languages":{"sv":{"title":true,"content":true,"excerpt":false},"fi":{"title":true,"content":true,"excerpt":false},"gb":{"title":true,"content":true,"excerpt":false}}},"jetpack_sharing_enabled":true,"_links":{"self":[{"href":"https:\/\/www.ibk-ivk.fi\/fi\/wp-json\/wp\/v2\/pages\/54","targetHints":{"allow":["GET"]}}],"collection":[{"href":"https:\/\/www.ibk-ivk.fi\/fi\/wp-json\/wp\/v2\/pages"}],"about":[{"href":"https:\/\/www.ibk-ivk.fi\/fi\/wp-json\/wp\/v2\/types\/page"}],"author":[{"embeddable":true,"href":"https:\/\/www.ibk-ivk.fi\/fi\/wp-json\/wp\/v2\/users\/2"}],"replies":[{"embeddable":true,"href":"https:\/\/www.ibk-ivk.fi\/fi\/wp-json\/wp\/v2\/comments?post=54"}],"version-history":[{"count":7,"href":"https:\/\/www.ibk-ivk.fi\/fi\/wp-json\/wp\/v2\/pages\/54\/revisions"}],"predecessor-version":[{"id":2077,"href":"https:\/\/www.ibk-ivk.fi\/fi\/wp-json\/wp\/v2\/pages\/54\/revisions\/2077"}],"wp:attachment":[{"href":"https:\/\/www.ibk-ivk.fi\/fi\/wp-json\/wp\/v2\/media?parent=54"}],"curies":[{"name":"wp","href":"https:\/\/api.w.org\/{rel}","templated":true}]}}