{"id":101,"date":"2021-11-11T00:04:09","date_gmt":"2021-11-10T22:04:09","guid":{"rendered":"http:\/\/www.ibk-ivk.fi\/?page_id=101"},"modified":"2025-02-02T17:05:01","modified_gmt":"2025-02-02T15:05:01","slug":"winter-storage-2","status":"publish","type":"page","link":"https:\/\/www.ibk-ivk.fi\/fi\/winter-storage-2\/","title":{"rendered":"Talvis\u00e4ilytys ja katsastus"},"content":{"rendered":"<div id=\"page\" class=\"hfeed site\">\n<div id=\"main-wrapper\">\n<div id=\"main\">\n<div id=\"content-sidebar\" class=\"container\">\n<div id=\"primary\" class=\"content-area\">\n<div id=\"content\" class=\"site-content\" role=\"main\">\n<article id=\"post-117\" class=\"post-117 post type-post status-publish format-standard hentry category-news\">\n<div class=\"entry-container\">\n<div class=\"entry-content\">\n<h1>Talvis\u00e4ilytys<\/h1>\n<p>Inkoon venekerholla on satamassa alue, jossa j\u00e4senten veneet voivat olla talvis\u00e4ilytyksess\u00e4. Kerho j\u00e4rjest\u00e4\u00e4 yhteiset veneiden nostot ja vesillelaskut j\u00e4senilleen.<\/p>\n<p>Aiemmin paikan saaneet ovat etusijalla paikkoja jaettaessa. Alueella olevien veneiden tulee olla katsastettuja ja satamas\u00e4\u00e4nt\u00f6j\u00e4 tulee noudattaa. Kuljetuksen kannalta vaikeimmat kuljetettavat veneet asetetaan etusijalle.<\/p>\n<\/div>\n<\/div>\n<\/article>\n<\/div>\n<\/div>\n<\/div>\n<\/div>\n<\/div>\n<\/div>\n","protected":false},"excerpt":{"rendered":"<p>Talvis\u00e4ilytys Inkoon venekerholla on satamassa alue, jossa j\u00e4senten veneet voivat olla talvis\u00e4ilytyksess\u00e4. Kerho j\u00e4rjest\u00e4\u00e4 yhteiset veneiden nostot ja vesillelaskut j\u00e4senilleen. Aiemmin paikan saaneet ovat etusijalla paikkoja jaettaessa. Alueella olevien veneiden <a class=\"more-link\" href=\"https:\/\/www.ibk-ivk.fi\/fi\/winter-storage-2\/\">Continue Reading \u2192<\/a><\/p>\n","protected":false},"author":2,"featured_media":0,"parent":0,"menu_order":0,"comment_status":"closed","ping_status":"closed","template":"","meta":{"footnotes":""},"class_list":["post-101","page","type-page","status-publish","hentry"],"translation":{"provider":"WPGlobus","version":"3.0.2","language":"fi","enabled_languages":["sv","fi","gb"],"languages":{"sv":{"title":true,"content":true,"excerpt":false},"fi":{"title":true,"content":true,"excerpt":false},"gb":{"title":true,"content":true,"excerpt":false}}},"jetpack_sharing_enabled":true,"_links":{"self":[{"href":"https:\/\/www.ibk-ivk.fi\/fi\/wp-json\/wp\/v2\/pages\/101","targetHints":{"allow":["GET"]}}],"collection":[{"href":"https:\/\/www.ibk-ivk.fi\/fi\/wp-json\/wp\/v2\/pages"}],"about":[{"href":"https:\/\/www.ibk-ivk.fi\/fi\/wp-json\/wp\/v2\/types\/page"}],"author":[{"embeddable":true,"href":"https:\/\/www.ibk-ivk.fi\/fi\/wp-json\/wp\/v2\/users\/2"}],"replies":[{"embeddable":true,"href":"https:\/\/www.ibk-ivk.fi\/fi\/wp-json\/wp\/v2\/comments?post=101"}],"version-history":[{"count":9,"href":"https:\/\/www.ibk-ivk.fi\/fi\/wp-json\/wp\/v2\/pages\/101\/revisions"}],"predecessor-version":[{"id":2076,"href":"https:\/\/www.ibk-ivk.fi\/fi\/wp-json\/wp\/v2\/pages\/101\/revisions\/2076"}],"wp:attachment":[{"href":"https:\/\/www.ibk-ivk.fi\/fi\/wp-json\/wp\/v2\/media?parent=101"}],"curies":[{"name":"wp","href":"https:\/\/api.w.org\/{rel}","templated":true}]}}